{"id":25,"date":"2020-06-12T15:27:26","date_gmt":"2020-06-12T13:27:26","guid":{"rendered":"https:\/\/jbphysio.de\/?page_id=25"},"modified":"2025-10-10T16:54:42","modified_gmt":"2025-10-10T14:54:42","slug":"leistungen","status":"publish","type":"page","link":"https:\/\/jbphysio.de\/en\/leistungen\/","title":{"rendered":"Services"},"content":{"rendered":"<p><img loading=\"lazy\" decoding=\"async\" class=\"alignnone wp-image-242 size-full\" src=\"https:\/\/jbphysio.de\/wp-content\/uploads\/2020\/09\/jbp-gallery_home_1920x1080.jpg\" alt=\"\" width=\"1920\" height=\"1080\" srcset=\"https:\/\/jbphysio.de\/wp-content\/uploads\/2020\/09\/jbp-gallery_home_1920x1080.jpg 1920w, https:\/\/jbphysio.de\/wp-content\/uploads\/2020\/09\/jbp-gallery_home_1920x1080-300x169.jpg 300w, https:\/\/jbphysio.de\/wp-content\/uploads\/2020\/09\/jbp-gallery_home_1920x1080-1024x576.jpg 1024w, https:\/\/jbphysio.de\/wp-content\/uploads\/2020\/09\/jbp-gallery_home_1920x1080-768x432.jpg 768w, https:\/\/jbphysio.de\/wp-content\/uploads\/2020\/09\/jbp-gallery_home_1920x1080-1536x864.jpg 1536w\" sizes=\"auto, (max-width: 767px) 89vw, (max-width: 1000px) 54vw, (max-width: 1071px) 543px, 580px\" \/><\/p>\r\n<p>Thanks to our many years of experience and specialist expertise, you are in good hands with us. We offer a broad range of treatments to provide truly individual and holistic therapy.<\/p>\r\n<p>If required, we also provide home visits.<\/p>\r\n<p><strong>Our services include:<\/strong><\/p>\r\n<ul class=\"wp-block-list\">\r\n<li style=\"list-style-type: none;\">\r\n<ul>\r\n<li data-olk-copy-source=\"MessageBody\">Manual Therapy<\/li>\r\n<li>Medical Exercise Therapy (MET)<\/li>\r\n<li>Sports Physiotherapy<\/li>\r\n<li>Visceral Osteopathy<\/li>\r\n<li>Craniosacral Therapy<\/li>\r\n<li>CMD Therapy (Craniomandibular Dysfunction \/ Temporomandibular Joint Dysfunction)&nbsp;<\/li>\r\n<li>Lymphatic Drainage<\/li>\r\n<li>Electrotherapy<\/li>\r\n<li>Therapeutic Ultrasound<\/li>\r\n<li>Myofascial Trigger Point Therapy<\/li>\r\n<li>Bobath Concept (Neurological Physiotherapy for Adults)<\/li>\r\n<li>Vojta Therapy (Neurological Physiotherapy for Adults and Children)<\/li>\r\n<li>Mirror Therapy<\/li>\r\n<li>Pelvic Floor Therapy according to the Tanzberger Method (for women and men)<\/li>\r\n<\/ul>\r\n<\/li>\r\n<\/ul>","protected":false},"excerpt":{"rendered":"<p>Durch unsere langj\u00e4hrige Erfahrung und Spezialisierung sind Sie bei uns in guten H\u00e4nden. Wir bieten Ihnen ein umfangreiches Behandlungsspektrum, um eine individuelle und ganzheitliche Therapie gew\u00e4hrleisten zu k\u00f6nnen. Bei Bedarf kommen wir auch zu Ihnen nach Hause. Unsere Leistungen umfassen: Manuelle Therapie Medizinische Trainingstherapie (MTT) Sportphysiotherapie Viszerale Osteopathie Cranio-Sacral-Therapie CMD-Therapie (Craniomandibul\u00e4re Dysfunktion\/Fehlfunktion des Kiefergelenks)&nbsp; Lymphdrainage &hellip; <\/p>\n<p class=\"link-more\"><a href=\"https:\/\/jbphysio.de\/en\/leistungen\/\" class=\"more-link\">Continue reading<span class=\"screen-reader-text\"> &#8222;Leistungen&#8220;<\/span><\/a><\/p>","protected":false},"author":1,"featured_media":0,"parent":0,"menu_order":0,"comment_status":"closed","ping_status":"closed","template":"","meta":{"ngg_post_thumbnail":0,"footnotes":""},"class_list":["post-25","page","type-page","status-publish","hentry"],"_links":{"self":[{"href":"https:\/\/jbphysio.de\/en\/wp-json\/wp\/v2\/pages\/25","targetHints":{"allow":["GET"]}}],"collection":[{"href":"https:\/\/jbphysio.de\/en\/wp-json\/wp\/v2\/pages"}],"about":[{"href":"https:\/\/jbphysio.de\/en\/wp-json\/wp\/v2\/types\/page"}],"author":[{"embeddable":true,"href":"https:\/\/jbphysio.de\/en\/wp-json\/wp\/v2\/users\/1"}],"replies":[{"embeddable":true,"href":"https:\/\/jbphysio.de\/en\/wp-json\/wp\/v2\/comments?post=25"}],"version-history":[{"count":52,"href":"https:\/\/jbphysio.de\/en\/wp-json\/wp\/v2\/pages\/25\/revisions"}],"predecessor-version":[{"id":666,"href":"https:\/\/jbphysio.de\/en\/wp-json\/wp\/v2\/pages\/25\/revisions\/666"}],"wp:attachment":[{"href":"https:\/\/jbphysio.de\/en\/wp-json\/wp\/v2\/media?parent=25"}],"curies":[{"name":"wp","href":"https:\/\/api.w.org\/{rel}","templated":true}]}}