{"id":31,"date":"2020-06-12T15:29:08","date_gmt":"2020-06-12T13:29:08","guid":{"rendered":"https:\/\/jbphysio.de\/?page_id=31"},"modified":"2025-12-03T17:17:29","modified_gmt":"2025-12-03T16:17:29","slug":"impressum","status":"publish","type":"page","link":"https:\/\/jbphysio.de\/en\/impressum\/","title":{"rendered":"Site notice"},"content":{"rendered":"<p><img loading=\"lazy\" decoding=\"async\" class=\"alignnone wp-image-544\" src=\"https:\/\/jbphysio.de\/wp-content\/uploads\/2024\/03\/jbp_impressum_1920x1080-1024x576.jpg\" alt=\"\" width=\"1024\" height=\"576\" srcset=\"https:\/\/jbphysio.de\/wp-content\/uploads\/2024\/03\/jbp_impressum_1920x1080-1024x576.jpg 1024w, https:\/\/jbphysio.de\/wp-content\/uploads\/2024\/03\/jbp_impressum_1920x1080-300x169.jpg 300w, https:\/\/jbphysio.de\/wp-content\/uploads\/2024\/03\/jbp_impressum_1920x1080-768x432.jpg 768w, https:\/\/jbphysio.de\/wp-content\/uploads\/2024\/03\/jbp_impressum_1920x1080-1536x864.jpg 1536w, https:\/\/jbphysio.de\/wp-content\/uploads\/2024\/03\/jbp_impressum_1920x1080.jpg 1920w\" sizes=\"auto, (max-width: 767px) 89vw, (max-width: 1000px) 54vw, (max-width: 1071px) 543px, 580px\" \/><\/p>\r\n<p><strong>Information in accordance with Section 5 of the German Telemedia Act (TMG)<br><\/strong>Johannes Brandl<br>Phystiotherapie und Training<br>Diefenbachstra\u00dfe 38<br>81479 M\u00fcnchen<\/p>\r\n\r\n\r\n\r\n<p><strong>Contact information<br><\/strong>Telefon: +498992584642<br>E-Mail: info@brandlphysio.de<\/p>\r\n\r\n\r\n\r\n<p><strong>VAT ID<br><\/strong>VAT identification number pursuant to Section 27a of the German Value Added Tax Act (UStG):<br>82 543 091 653<\/p>\r\n\r\n\r\n\r\n<p><strong>Professional title and regulatory framework<br><\/strong>State-certified physiotherapist, non-medical practitioner (Heilpraktiker), state-certified masseur and medical hydrotherapist<br>Conferred by: Germany<\/p>\r\n\r\n\r\n\r\n<p><strong>Information on professional liability insurance<br><\/strong>Continentale Sachversicherung AG<br>Servicecenter Gewerbe Haftpflicht 1<br>Ruhrallee 92<br>44139 Dortmund<\/p>\r\n\r\n\r\n\r\n<p><strong>Territorial scope of the insurance<\/strong><br>Germany<\/p>\r\n\r\n\r\n\r\n<p><strong>EU dispute resolution<br><\/strong>The European Commission provides a platform for online dispute resolution (ODR):<br><a href=\"https:\/\/ec.europa.eu\/consumers\/odr\" target=\"_blank\" rel=\"noreferrer noopener\">https:\/\/ec.europa.eu\/consumers\/odr<\/a><br>Our email address can be found above in the legal notice.<\/p>\r\n\r\n\r\n\r\n<p><strong>Consumer dispute resolution \/ Universal arbitration board<br><\/strong>We are neither willing nor obliged to participate in dispute resolution proceedings before a consumer arbitration board.<\/p>\r\n\r\n\r\n\r\n<p><strong>Liability for content<br><\/strong>As a service provider, we are responsible for our own content on these pages in accordance with Section 7(1) of the German Telemedia Act (TMG) and general legislation. However, pursuant to Sections 8 to 10 TMG, we as service providers are not obliged to monitor transmitted or stored third-party information or to investigate circumstances that indicate unlawful activity.<br><br>Obligations to remove or block the use of information in accordance with general laws remain unaffected. However, liability in this regard is only possible from the moment we become aware of a specific infringement. Upon becoming aware of such legal violations, we will remove the content in question immediately.<\/p>\r\n\r\n\r\n\r\n<p><strong>Liability for links<br><\/strong>Our website contains links to external third-party websites over whose content we have no control. Therefore, we cannot assume any guarantee for such external content. The respective provider or operator of the linked sites is always responsible for their content. The linked pages were checked for possible legal violations at the time the link was created. No unlawful content was identifiable at that time.<br><br>A permanent content control of the linked pages is, however, unreasonable without concrete indications of a legal infringement. If we become aware of legal violations, we will remove such links immediately.<\/p>\r\n\r\n\r\n\r\n<p><strong>Copyright<br><\/strong>The content and works created by the website operator on these pages are subject to German copyright law. Reproduction, editing, distribution and any form of utilisation beyond the limits of copyright law require the prior written consent of the respective author or creator. Downloads and copies of this website are permitted for private, non-commercial use only.<br><br>Where content on this site was not created by the operator, the copyrights of third parties are respected. In particular, third-party content is identified as such. Should you nonetheless become aware of a copyright infringement, please notify us accordingly. Upon becoming aware of legal violations, we will remove such content immediately.<\/p>","protected":false},"excerpt":{"rendered":"<p>Angaben gem\u00e4\u00df \u00a7 5 TMGJohannes BrandlPhystiotherapie und TrainingDiefenbachstra\u00dfe 3881479 M\u00fcnchen KontaktTelefon: +498992584642E-Mail: info@brandlphysio.de Umsatzsteuer-IDUmsatzsteuer-Identifikationsnummer gem\u00e4\u00df \u00a7 27 a Umsatzsteuergesetz:82 543 091 653 Berufsbezeichnung und berufsrechtliche RegelungenStaatlich gepr\u00fcfter Physiotherapeut, Heilpraktiker, staatlich gepr\u00fcfter Masseur und medizinischer BademeisterVerliehen durch: Deutschland Angaben zur BerufshaftpflichtversicherungContinentale Sachversicherung AGServicecenter Gewerbe Haftpflicht 1Ruhrallee 9244139 Dortmund Geltungsraum der VersicherungDeutschland EU-StreitschlichtungDie Europ\u00e4ische Kommission stellt eine &hellip; <\/p>\n<p class=\"link-more\"><a href=\"https:\/\/jbphysio.de\/en\/impressum\/\" class=\"more-link\">Continue reading<span class=\"screen-reader-text\"> &#8222;Impressum&#8220;<\/span><\/a><\/p>","protected":false},"author":1,"featured_media":0,"parent":0,"menu_order":0,"comment_status":"closed","ping_status":"closed","template":"","meta":{"ngg_post_thumbnail":0,"footnotes":""},"class_list":["post-31","page","type-page","status-publish","hentry"],"_links":{"self":[{"href":"https:\/\/jbphysio.de\/en\/wp-json\/wp\/v2\/pages\/31","targetHints":{"allow":["GET"]}}],"collection":[{"href":"https:\/\/jbphysio.de\/en\/wp-json\/wp\/v2\/pages"}],"about":[{"href":"https:\/\/jbphysio.de\/en\/wp-json\/wp\/v2\/types\/page"}],"author":[{"embeddable":true,"href":"https:\/\/jbphysio.de\/en\/wp-json\/wp\/v2\/users\/1"}],"replies":[{"embeddable":true,"href":"https:\/\/jbphysio.de\/en\/wp-json\/wp\/v2\/comments?post=31"}],"version-history":[{"count":31,"href":"https:\/\/jbphysio.de\/en\/wp-json\/wp\/v2\/pages\/31\/revisions"}],"predecessor-version":[{"id":803,"href":"https:\/\/jbphysio.de\/en\/wp-json\/wp\/v2\/pages\/31\/revisions\/803"}],"wp:attachment":[{"href":"https:\/\/jbphysio.de\/en\/wp-json\/wp\/v2\/media?parent=31"}],"curies":[{"name":"wp","href":"https:\/\/api.w.org\/{rel}","templated":true}]}}