{"id":644,"date":"2025-09-11T21:50:16","date_gmt":"2025-09-11T19:50:16","guid":{"rendered":"https:\/\/jbphysio.de\/?page_id=644"},"modified":"2026-04-27T10:18:31","modified_gmt":"2026-04-27T08:18:31","slug":"kurse","status":"publish","type":"page","link":"https:\/\/jbphysio.de\/en\/kurse\/","title":{"rendered":"Courses"},"content":{"rendered":"<header class=\"entry-header\"><img loading=\"lazy\" decoding=\"async\" class=\"alignnone size-large wp-image-856\" src=\"https:\/\/jbphysio.de\/wp-content\/uploads\/2026\/04\/IMG_0919-724x1024.png\" alt=\"\" width=\"525\" height=\"743\" srcset=\"https:\/\/jbphysio.de\/wp-content\/uploads\/2026\/04\/IMG_0919-724x1024.png 724w, https:\/\/jbphysio.de\/wp-content\/uploads\/2026\/04\/IMG_0919-212x300.png 212w, https:\/\/jbphysio.de\/wp-content\/uploads\/2026\/04\/IMG_0919-768x1086.png 768w, https:\/\/jbphysio.de\/wp-content\/uploads\/2026\/04\/IMG_0919-1086x1536.png 1086w, https:\/\/jbphysio.de\/wp-content\/uploads\/2026\/04\/IMG_0919-1448x2048.png 1448w, https:\/\/jbphysio.de\/wp-content\/uploads\/2026\/04\/IMG_0919-8x12.png 8w, https:\/\/jbphysio.de\/wp-content\/uploads\/2026\/04\/IMG_0919.png 1655w\" sizes=\"auto, (max-width: 525px) 100vw, 525px\" \/><\/p>\n<p><strong>Neuer Kurs ab 01.09.2026<\/strong><\/p>\n<p>R\u00fcckbildung mit Pilateselementen &#8211; ohne Baby<\/p>\n<p>Weitere Infos und Anmeldung findest du <a href=\"http:\/\/www.core-balance.de\" target=\"_blank\" rel=\"noopener\">hier<\/a>.<\/p>\n<hr>\n<h2 class=\"entry-title\"><img loading=\"lazy\" decoding=\"async\" class=\"alignnone size-large wp-image-597 aligncenter\" style=\"color: #333333; font-size: 1rem;\" src=\"https:\/\/jbphysio.de\/wp-content\/uploads\/2024\/11\/jbp_kurse-2_1920x1080-1024x576.jpg\" alt=\"Yoga-Kurse mit Elisabeth Mark\" width=\"1024\" height=\"295\"><\/h2>\n<\/header>\n<p>Find your inner balance \u2013 <strong>YOGA<\/strong> for body and mind.<\/p>\n<p>Whether you are a beginner or already have experience, here you will find a space to strengthen yourself, reduce stress and feel completely at ease.<\/p>\n<p><a href=\"https:\/\/www.elisabethsyogaworld.com\/kursplan\/\" target=\"_blank\" rel=\"noopener\">View class schedule<\/a><\/p>\n<hr>\n<p><img loading=\"lazy\" decoding=\"async\" class=\"alignnone size-large wp-image-813\" src=\"https:\/\/jbphysio.de\/wp-content\/uploads\/2026\/02\/neuer-yoga-kurs-819x1024.png\" alt=\"\" width=\"525\" height=\"656\" srcset=\"https:\/\/jbphysio.de\/wp-content\/uploads\/2026\/02\/neuer-yoga-kurs-819x1024.png 819w, https:\/\/jbphysio.de\/wp-content\/uploads\/2026\/02\/neuer-yoga-kurs-240x300.png 240w, https:\/\/jbphysio.de\/wp-content\/uploads\/2026\/02\/neuer-yoga-kurs-768x960.png 768w, https:\/\/jbphysio.de\/wp-content\/uploads\/2026\/02\/neuer-yoga-kurs-10x12.png 10w, https:\/\/jbphysio.de\/wp-content\/uploads\/2026\/02\/neuer-yoga-kurs.png 1080w\" sizes=\"auto, (max-width: 525px) 100vw, 525px\" \/><\/p>\n<p>Systemische K\u00f6rperarbeit &#8211; <strong>Alexander-Technik<\/strong> in Bewegung<\/p>\n<p>Ab M\u00e4rz 2026 bei uns in der Praxis.<\/p>\n<p><a href=\"https:\/\/www.constructive-change.com\/kurse.html\">Zur Anmeldung<\/a><\/p>\n<p>&nbsp;<\/p>","protected":false},"excerpt":{"rendered":"<p>Neuer Kurs ab 01.09.2026 R\u00fcckbildung mit Pilateselementen &#8211; ohne Baby Weitere Infos und Anmeldung findest du hier. Finde deine innere Balance &#8211; YOGA f\u00fcr K\u00f6rper und Geist. Egal, ob Du Anf\u00e4nger bist oder bereits Erfahrung hast &#8211; hier findest Du Deinen Raum, um Dich zu st\u00e4rken, Stress abzubauen und Dich rundum wohlzuf\u00fchlen. Zum Kursplan Systemische &hellip; <\/p>\n<p class=\"link-more\"><a href=\"https:\/\/jbphysio.de\/en\/kurse\/\" class=\"more-link\">Continue reading<span class=\"screen-reader-text\"> &#8222;Kurse&#8220;<\/span><\/a><\/p>","protected":false},"author":1,"featured_media":0,"parent":0,"menu_order":0,"comment_status":"closed","ping_status":"closed","template":"","meta":{"ngg_post_thumbnail":0,"footnotes":""},"class_list":["post-644","page","type-page","status-publish","hentry"],"_links":{"self":[{"href":"https:\/\/jbphysio.de\/en\/wp-json\/wp\/v2\/pages\/644","targetHints":{"allow":["GET"]}}],"collection":[{"href":"https:\/\/jbphysio.de\/en\/wp-json\/wp\/v2\/pages"}],"about":[{"href":"https:\/\/jbphysio.de\/en\/wp-json\/wp\/v2\/types\/page"}],"author":[{"embeddable":true,"href":"https:\/\/jbphysio.de\/en\/wp-json\/wp\/v2\/users\/1"}],"replies":[{"embeddable":true,"href":"https:\/\/jbphysio.de\/en\/wp-json\/wp\/v2\/comments?post=644"}],"version-history":[{"count":6,"href":"https:\/\/jbphysio.de\/en\/wp-json\/wp\/v2\/pages\/644\/revisions"}],"predecessor-version":[{"id":857,"href":"https:\/\/jbphysio.de\/en\/wp-json\/wp\/v2\/pages\/644\/revisions\/857"}],"wp:attachment":[{"href":"https:\/\/jbphysio.de\/en\/wp-json\/wp\/v2\/media?parent=644"}],"curies":[{"name":"wp","href":"https:\/\/api.w.org\/{rel}","templated":true}]}}