{"id":670,"date":"2025-10-10T17:04:27","date_gmt":"2025-10-10T15:04:27","guid":{"rendered":"https:\/\/jbphysio.de\/?page_id=670"},"modified":"2025-11-09T21:50:24","modified_gmt":"2025-11-09T20:50:24","slug":"karriere","status":"publish","type":"page","link":"https:\/\/jbphysio.de\/en\/karriere\/","title":{"rendered":"Career"},"content":{"rendered":"<header class=\"entry-header\"><img loading=\"lazy\" decoding=\"async\" class=\"alignnone wp-image-667 size-full\" style=\"color: #333333; font-size: 1rem;\" src=\"https:\/\/jbphysio.de\/wp-content\/uploads\/2025\/10\/DSC04324-scaled.jpg\" alt=\"\" width=\"2560\" height=\"1440\" srcset=\"https:\/\/jbphysio.de\/wp-content\/uploads\/2025\/10\/DSC04324-scaled.jpg 2560w, https:\/\/jbphysio.de\/wp-content\/uploads\/2025\/10\/DSC04324-300x169.jpg 300w, https:\/\/jbphysio.de\/wp-content\/uploads\/2025\/10\/DSC04324-1024x576.jpg 1024w, https:\/\/jbphysio.de\/wp-content\/uploads\/2025\/10\/DSC04324-768x432.jpg 768w, https:\/\/jbphysio.de\/wp-content\/uploads\/2025\/10\/DSC04324-1536x864.jpg 1536w, https:\/\/jbphysio.de\/wp-content\/uploads\/2025\/10\/DSC04324-2048x1152.jpg 2048w\" sizes=\"auto, (max-width: 767px) 89vw, (max-width: 1000px) 54vw, (max-width: 1071px) 543px, 580px\" \/><\/header>\n<p><strong>We are currently looking for a new colleague to join our team in a full-time or part-time position (m\/f\/d).<\/strong><\/p>\n<p class=\"p1\"><span class=\"s1\">Do you love your profession, want to have enough time for your patients, and are looking for a team that truly supports one another? Then you\u2019ve come to the right place!<\/span><\/p>\n<p class=\"p1\"><span class=\"s1\">Our private practice offers bright, spacious and accessible rooms, as well as a modern training area equipped with high-quality functional training equipment.<\/span><\/p>\n<p class=\"p1\"><span class=\"s1\">We work exclusively with 60-minute appointments \u2013 allowing for treatment without time pressure, with a focus on quality, individuality and genuine therapeutic success.<\/span><\/p>\n<p><strong>Our focus<\/strong><\/p>\n<ul>\n<li style=\"list-style-type: none;\">\n<ul>\n<li><span style=\"font-size: 1rem;\">Orthopaedics<\/span><\/li>\n<li>Neurology&nbsp;<\/li>\n<li>Pelvic Floor Therapy<\/li>\n<\/ul>\n<\/li>\n<\/ul>\n<p class=\"p1\"><span class=\"s1\">If you bring your own professional interests or areas of specialisation \u2013 fantastic! We are open to new ideas and welcome any expansion of our services.<\/span><\/p>\n<p><strong style=\"font-size: 1rem;\">Why join us?<\/strong><\/p>\n<ul>\n<li style=\"list-style-type: none;\">\n<ul>\n<li class=\"translation-block\">Flexible working hours \u2013 we adapt to your life<\/li>\n<li>Above-average pay<\/li>\n<li>Financial support for further education and professional development<\/li>\n<li>Regular in-house training sessions<\/li>\n<li>Additional benefits such as Christmas bonus, public transport (MVV) ticket, gym membership and much more<\/li>\n<li>Provided work clothing \u2013 so you feel comfortable at all times<\/li>\n<li>Regular team events \u2013 because shared experiences bring people together<\/li>\n<li>A warm, family-like working atmosphere within a dedicated team<\/li>\n<\/ul>\n<\/li>\n<\/ul>\n<p><strong>What we are looking for<\/strong><\/p>\n<ul>\n<li style=\"list-style-type: none;\">\n<ul>\n<li class=\"p1\"><span class=\"s1\">Completed training or a degree in Physiotherapy<\/span><\/li>\n<li class=\"p1\"><span class=\"s1\">Enthusiasm for individual, holistic patient care<\/span><\/li>\n<li class=\"p1\"><span class=\"s1\">Interest in personal and professional development<\/span><\/li>\n<li class=\"p1\"><span style=\"font-size: 1rem;\">Team spirit and a positive, open attitude<\/span><\/li>\n<\/ul>\n<\/li>\n<\/ul>\n<p class=\"p1 translation-block\"><span class=\"s1\">Sound good? Then get in touch!<br>\n<\/span><span style=\"font-size: 1rem\">We look forward to meeting you in person.<\/span><\/p>\n<p>Your new team<\/p>\n<p>Physiotherapy &amp; Training Brandl<\/p>\n<p><strong>E-Mail<\/strong>: <strong><a href=\"mailto:info@brandlphysio.de\" target=\"_blank\" rel=\"noreferrer noopener\">info@brandlphysio.de<\/a><\/strong><\/p>","protected":false},"excerpt":{"rendered":"<p>Wir suchen ab sofort in Voll- und Teilzeit eine neue Kollegin \/ einen neuen Kollegen f\u00fcr unser Team (m\/w\/d) Du liebst Deinen Beruf, m\u00f6chtest genug Zeit f\u00fcr Deine Patient*innen haben und suchst ein Team, das f\u00fcreinander einsteht? Dann bist Du bei uns genau richtig! Unsere Privatpraxis bietet Dir nicht nur helle, gro\u00dfz\u00fcgige und barrierefreie R\u00e4ume, &hellip; <\/p>\n<p class=\"link-more\"><a href=\"https:\/\/jbphysio.de\/en\/karriere\/\" class=\"more-link\">Continue reading<span class=\"screen-reader-text\"> &#8222;Karriere&#8220;<\/span><\/a><\/p>","protected":false},"author":1,"featured_media":0,"parent":0,"menu_order":0,"comment_status":"closed","ping_status":"closed","template":"","meta":{"ngg_post_thumbnail":0,"footnotes":""},"class_list":["post-670","page","type-page","status-publish","hentry"],"_links":{"self":[{"href":"https:\/\/jbphysio.de\/en\/wp-json\/wp\/v2\/pages\/670","targetHints":{"allow":["GET"]}}],"collection":[{"href":"https:\/\/jbphysio.de\/en\/wp-json\/wp\/v2\/pages"}],"about":[{"href":"https:\/\/jbphysio.de\/en\/wp-json\/wp\/v2\/types\/page"}],"author":[{"embeddable":true,"href":"https:\/\/jbphysio.de\/en\/wp-json\/wp\/v2\/users\/1"}],"replies":[{"embeddable":true,"href":"https:\/\/jbphysio.de\/en\/wp-json\/wp\/v2\/comments?post=670"}],"version-history":[{"count":6,"href":"https:\/\/jbphysio.de\/en\/wp-json\/wp\/v2\/pages\/670\/revisions"}],"predecessor-version":[{"id":724,"href":"https:\/\/jbphysio.de\/en\/wp-json\/wp\/v2\/pages\/670\/revisions\/724"}],"wp:attachment":[{"href":"https:\/\/jbphysio.de\/en\/wp-json\/wp\/v2\/media?parent=670"}],"curies":[{"name":"wp","href":"https:\/\/api.w.org\/{rel}","templated":true}]}}