{"id":816,"date":"2026-02-13T14:00:54","date_gmt":"2026-02-13T13:00:54","guid":{"rendered":"https:\/\/jbphysio.de\/?page_id=816"},"modified":"2026-03-17T16:10:00","modified_gmt":"2026-03-17T15:10:00","slug":"sponsoring-partner","status":"publish","type":"page","link":"https:\/\/jbphysio.de\/en\/sponsoring-partner\/","title":{"rendered":"Sponsoring &amp; Partner"},"content":{"rendered":"<p data-path-to-node=\"14,0\">&nbsp;<\/p>\n<p data-path-to-node=\"14,0\"><a href=\"https:\/\/www.redbullmuenchen.de\/de\/\"><img loading=\"lazy\" decoding=\"async\" class=\"alignnone wp-image-818 size-full\" src=\"https:\/\/jbphysio.de\/wp-content\/uploads\/2026\/02\/Logo.png\" alt=\"\" width=\"1950\" height=\"768\" srcset=\"https:\/\/jbphysio.de\/wp-content\/uploads\/2026\/02\/Logo.png 1950w, https:\/\/jbphysio.de\/wp-content\/uploads\/2026\/02\/Logo-300x118.png 300w, https:\/\/jbphysio.de\/wp-content\/uploads\/2026\/02\/Logo-1024x403.png 1024w, https:\/\/jbphysio.de\/wp-content\/uploads\/2026\/02\/Logo-768x302.png 768w, https:\/\/jbphysio.de\/wp-content\/uploads\/2026\/02\/Logo-1536x605.png 1536w, https:\/\/jbphysio.de\/wp-content\/uploads\/2026\/02\/Logo-18x7.png 18w\" sizes=\"auto, (max-width: 767px) 89vw, (max-width: 1000px) 54vw, (max-width: 1071px) 543px, 580px\" \/><\/a><\/p>\n<p data-path-to-node=\"14,0\"><b data-path-to-node=\"14,0\" data-index-in-node=\"0\">Together on the ice, together for your health.<\/b><\/p>\n<p data-path-to-node=\"14,1\">Success in ice hockey demands precision, passion, and a strong team in the background\u2014values we live by every day in our practice. As an official partner within the Starter Sphere of EHC Red Bull M\u00fcnchen, we are delighted to support Munich\u2019s elite athletes. Because, just like the pros on the ice, we know that peak performance is only possible when you are at your fittest. <a href=\"https:\/\/www.redbullmuenchen.de\/\"><b data-path-to-node=\"14,1\" data-index-in-node=\"177\">Starter Sphere des EHC Red Bull M\u00fcnchen<\/b><\/a> freuen wir uns, den M\u00fcnchner Spitzensport zu unterst\u00fctzen. Denn genau wie die Profis auf dem Eis wissen wir: Nur wer fit ist, kann Bestleistungen bringen.<\/p>\n<p style=\"padding-left: 40px;\" data-path-to-node=\"14,1\"><img loading=\"lazy\" decoding=\"async\" class=\"wp-image-852 size-full alignleft\" src=\"https:\/\/jbphysio.de\/wp-content\/uploads\/2026\/03\/IMG_0060-scaled-e1773760188894.jpeg\" alt=\"\" width=\"1920\" height=\"1476\" srcset=\"https:\/\/jbphysio.de\/wp-content\/uploads\/2026\/03\/IMG_0060-scaled-e1773760188894.jpeg 1920w, https:\/\/jbphysio.de\/wp-content\/uploads\/2026\/03\/IMG_0060-scaled-e1773760188894-300x231.jpeg 300w, https:\/\/jbphysio.de\/wp-content\/uploads\/2026\/03\/IMG_0060-scaled-e1773760188894-1024x787.jpeg 1024w, https:\/\/jbphysio.de\/wp-content\/uploads\/2026\/03\/IMG_0060-scaled-e1773760188894-768x590.jpeg 768w, https:\/\/jbphysio.de\/wp-content\/uploads\/2026\/03\/IMG_0060-scaled-e1773760188894-1536x1181.jpeg 1536w, https:\/\/jbphysio.de\/wp-content\/uploads\/2026\/03\/IMG_0060-scaled-e1773760188894-16x12.jpeg 16w\" sizes=\"auto, (max-width: 767px) 89vw, (max-width: 1000px) 54vw, (max-width: 1071px) 543px, 580px\" \/><\/p>","protected":false},"excerpt":{"rendered":"<p>&nbsp; Gemeinsam auf dem Eis, gemeinsam f\u00fcr Ihre Gesundheit. Erfolg im Eishockey erfordert Pr\u00e4zision, Leidenschaft und ein starkes Team im Hintergrund. Werte, die wir in unserer Praxis t\u00e4glich leben. Als offizieller Partner im Rahmen der Starter Sphere des EHC Red Bull M\u00fcnchen freuen wir uns, den M\u00fcnchner Spitzensport zu unterst\u00fctzen. Denn genau wie die Profis &hellip; <\/p>\n<p class=\"link-more\"><a href=\"https:\/\/jbphysio.de\/en\/sponsoring-partner\/\" class=\"more-link\">Continue reading<span class=\"screen-reader-text\"> &#8222;Sponsoring &#038; Partner&#8220;<\/span><\/a><\/p>","protected":false},"author":1,"featured_media":0,"parent":0,"menu_order":0,"comment_status":"closed","ping_status":"closed","template":"","meta":{"ngg_post_thumbnail":0,"footnotes":""},"class_list":["post-816","page","type-page","status-publish","hentry"],"_links":{"self":[{"href":"https:\/\/jbphysio.de\/en\/wp-json\/wp\/v2\/pages\/816","targetHints":{"allow":["GET"]}}],"collection":[{"href":"https:\/\/jbphysio.de\/en\/wp-json\/wp\/v2\/pages"}],"about":[{"href":"https:\/\/jbphysio.de\/en\/wp-json\/wp\/v2\/types\/page"}],"author":[{"embeddable":true,"href":"https:\/\/jbphysio.de\/en\/wp-json\/wp\/v2\/users\/1"}],"replies":[{"embeddable":true,"href":"https:\/\/jbphysio.de\/en\/wp-json\/wp\/v2\/comments?post=816"}],"version-history":[{"count":10,"href":"https:\/\/jbphysio.de\/en\/wp-json\/wp\/v2\/pages\/816\/revisions"}],"predecessor-version":[{"id":854,"href":"https:\/\/jbphysio.de\/en\/wp-json\/wp\/v2\/pages\/816\/revisions\/854"}],"wp:attachment":[{"href":"https:\/\/jbphysio.de\/en\/wp-json\/wp\/v2\/media?parent=816"}],"curies":[{"name":"wp","href":"https:\/\/api.w.org\/{rel}","templated":true}]}}